{"id":158,"date":"2026-03-27T17:25:22","date_gmt":"2026-03-27T16:25:22","guid":{"rendered":"https:\/\/schuetzenklub-dornach.ch\/?page_id=158"},"modified":"2026-03-27T17:25:23","modified_gmt":"2026-03-27T16:25:23","slug":"impressum","status":"publish","type":"page","link":"https:\/\/schuetzenklub-dornach.ch\/index.php\/impressum\/","title":{"rendered":"Impressum"},"content":{"rendered":"\n<p>Sch\u00fctzenklub Dornach<br>Verein nach Schweizer Zivilgesetzbuch (ZGB)<\/p>\n\n\n\n<p>Adresse:<br>Schledernweg 18B<br>4143 Dornach<br>Schweiz<\/p>\n\n\n\n<p>Vertretungsberechtigter Vorstand:<br>Pr\u00e4sident: Markus St\u00f6ckli<br>E-Mail: info@schuetzenklub-dornach.ch<br>Webseite: https:\/\/schuetzenklub-dornach.ch<\/p>\n\n\n\n<p>Haftungsausschluss:<br>Der Sch\u00fctzenklub Dornach \u00fcbernimmt keine Gew\u00e4hr f\u00fcr die Richtigkeit, Vollst\u00e4ndigkeit und Aktualit\u00e4t der bereitgestellten Inhalte. Haftungsanspr\u00fcche gegen den Verein wegen Sch\u00e4den materieller oder immaterieller Art, die aus dem Zugriff oder der Nutzung der Website entstehen, sind ausgeschlossen.<\/p>\n\n\n\n<p>Urheberrechte:<br>Alle Inhalte, Fotos und Dokumente auf dieser Website sind urheberrechtlich gesch\u00fctzt. Eine Verwendung ohne ausdr\u00fcckliche Zustimmung des Sch\u00fctzenklub Dornach ist nicht gestattet.<\/p>\n","protected":false},"excerpt":{"rendered":"<p>Sch\u00fctzenklub DornachVerein nach Schweizer Zivilgesetzbuch (ZGB) Adresse:Schledernweg 18B4143 DornachSchweiz Vertretungsberechtigter Vorstand:Pr\u00e4sident: Markus St\u00f6ckliE-Mail: info@schuetzenklub-dornach.chWebseite: https:\/\/schuetzenklub-dornach.ch Haftungsausschluss:Der Sch\u00fctzenklub Dornach \u00fcbernimmt keine [&hellip;]<\/p>\n","protected":false},"author":1,"featured_media":0,"parent":0,"menu_order":0,"comment_status":"closed","ping_status":"closed","template":"","meta":{"site-sidebar-layout":"default","site-content-layout":"","ast-site-content-layout":"default","site-content-style":"default","site-sidebar-style":"default","ast-global-header-display":"","ast-banner-title-visibility":"","ast-main-header-display":"","ast-hfb-above-header-display":"","ast-hfb-below-header-display":"","ast-hfb-mobile-header-display":"","site-post-title":"","ast-breadcrumbs-content":"","ast-featured-img":"","footer-sml-layout":"","ast-disable-related-posts":"","theme-transparent-header-meta":"","adv-header-id-meta":"","stick-header-meta":"","header-above-stick-meta":"","header-main-stick-meta":"","header-below-stick-meta":"","astra-migrate-meta-layouts":"default","ast-page-background-enabled":"default","ast-page-background-meta":{"desktop":{"background-color":"var(--ast-global-color-5)","background-image":"","background-repeat":"repeat","background-position":"center center","background-size":"auto","background-attachment":"scroll","background-type":"","background-media":"","overlay-type":"","overlay-color":"","overlay-opacity":"","overlay-gradient":""},"tablet":{"background-color":"","background-image":"","background-repeat":"repeat","background-position":"center center","background-size":"auto","background-attachment":"scroll","background-type":"","background-media":"","overlay-type":"","overlay-color":"","overlay-opacity":"","overlay-gradient":""},"mobile":{"background-color":"","background-image":"","background-repeat":"repeat","background-position":"center center","background-size":"auto","background-attachment":"scroll","background-type":"","background-media":"","overlay-type":"","overlay-color":"","overlay-opacity":"","overlay-gradient":""}},"ast-content-background-meta":{"desktop":{"background-color":"var(--ast-global-color-4)","background-image":"","background-repeat":"repeat","background-position":"center center","background-size":"auto","background-attachment":"scroll","background-type":"","background-media":"","overlay-type":"","overlay-color":"","overlay-opacity":"","overlay-gradient":""},"tablet":{"background-color":"var(--ast-global-color-4)","background-image":"","background-repeat":"repeat","background-position":"center center","background-size":"auto","background-attachment":"scroll","background-type":"","background-media":"","overlay-type":"","overlay-color":"","overlay-opacity":"","overlay-gradient":""},"mobile":{"background-color":"var(--ast-global-color-4)","background-image":"","background-repeat":"repeat","background-position":"center center","background-size":"auto","background-attachment":"scroll","background-type":"","background-media":"","overlay-type":"","overlay-color":"","overlay-opacity":"","overlay-gradient":""}},"footnotes":""},"class_list":["post-158","page","type-page","status-publish","hentry"],"jetpack_sharing_enabled":true,"_links":{"self":[{"href":"https:\/\/schuetzenklub-dornach.ch\/index.php\/wp-json\/wp\/v2\/pages\/158","targetHints":{"allow":["GET"]}}],"collection":[{"href":"https:\/\/schuetzenklub-dornach.ch\/index.php\/wp-json\/wp\/v2\/pages"}],"about":[{"href":"https:\/\/schuetzenklub-dornach.ch\/index.php\/wp-json\/wp\/v2\/types\/page"}],"author":[{"embeddable":true,"href":"https:\/\/schuetzenklub-dornach.ch\/index.php\/wp-json\/wp\/v2\/users\/1"}],"replies":[{"embeddable":true,"href":"https:\/\/schuetzenklub-dornach.ch\/index.php\/wp-json\/wp\/v2\/comments?post=158"}],"version-history":[{"count":1,"href":"https:\/\/schuetzenklub-dornach.ch\/index.php\/wp-json\/wp\/v2\/pages\/158\/revisions"}],"predecessor-version":[{"id":159,"href":"https:\/\/schuetzenklub-dornach.ch\/index.php\/wp-json\/wp\/v2\/pages\/158\/revisions\/159"}],"wp:attachment":[{"href":"https:\/\/schuetzenklub-dornach.ch\/index.php\/wp-json\/wp\/v2\/media?parent=158"}],"curies":[{"name":"wp","href":"https:\/\/api.w.org\/{rel}","templated":true}]}}