{"id":127,"date":"2026-03-27T16:01:04","date_gmt":"2026-03-27T15:01:04","guid":{"rendered":"https:\/\/schuetzenklub-dornach.ch\/?page_id=127"},"modified":"2026-04-08T16:01:49","modified_gmt":"2026-04-08T14:01:49","slug":"agenda-2026","status":"publish","type":"page","link":"https:\/\/schuetzenklub-dornach.ch\/index.php\/agenda-2026\/","title":{"rendered":"Agenda 2026"},"content":{"rendered":"\n<div class=\"wp-block-columns alignwide is-layout-flex wp-container-core-columns-is-layout-28f84493 wp-block-columns-is-layout-flex\">\n<div class=\"wp-block-column is-layout-flow wp-block-column-is-layout-flow\" style=\"flex-basis:100%\">\n<table id=\"tablepress-1\" class=\"tablepress tablepress-id-1\">\n<thead>\n<tr class=\"row-1\">\n\t<th class=\"column-1\">Datum<\/th><th class=\"column-2\">Anlass<\/th><th class=\"column-3\">Zeit<\/th><th class=\"column-4\">Ort<\/th><th class=\"column-5\">Bemerkungen<\/th>\n<\/tr>\n<\/thead>\n<tbody class=\"row-striping row-hover\">\n<tr class=\"row-2\">\n\t<td class=\"column-1\">17.01.2026<\/td><td class=\"column-2\"><strong>Birstaler Winterschiessen<\/strong><\/td><td class=\"column-3\"><\/td><td class=\"column-4\">M\u00fcnchenstein<\/td><td class=\"column-5\"><\/td>\n<\/tr>\n<tr class=\"row-3\">\n\t<td class=\"column-1\">07.02.2026<\/td><td class=\"column-2\"><strong>Winterausmarsch FSV Basel<\/strong><\/td><td class=\"column-3\"><\/td><td class=\"column-4\">Zuchwil<\/td><td class=\"column-5\"><\/td>\n<\/tr>\n<tr class=\"row-4\">\n\t<td class=\"column-1\">20.03.2026<\/td><td class=\"column-2\">Generalversammlung<\/td><td class=\"column-3\"><\/td><td class=\"column-4\">Rest. Museum<\/td><td class=\"column-5\"><\/td>\n<\/tr>\n<tr class=\"row-5\">\n\t<td class=\"column-1\">01.04.2026<\/td><td class=\"column-2\">Training<\/td><td class=\"column-3\">18:00\u201320:00<\/td><td class=\"column-4\">Ramstel<\/td><td class=\"column-5\">Mun: Alessandro<\/td>\n<\/tr>\n<tr class=\"row-6\">\n\t<td class=\"column-1\">02.04.2026<\/td><td class=\"column-2\"><strong>Osterhasenschiessen<\/strong><\/td><td class=\"column-3\"><\/td><td class=\"column-4\">Olten<\/td><td class=\"column-5\"><\/td>\n<\/tr>\n<tr class=\"row-7\">\n\t<td class=\"column-1\">08.04.2026<\/td><td class=\"column-2\">Training<\/td><td class=\"column-3\">18:00\u201320:00<\/td><td class=\"column-4\">Ramstel<\/td><td class=\"column-5\"><\/td>\n<\/tr>\n<tr class=\"row-8\">\n\t<td class=\"column-1\">15.04.2026<\/td><td class=\"column-2\"><strong>1. Obligatorische \u00dcbung<\/strong><br \/>\nTraining<\/td><td class=\"column-3\">18:00\u201320:00<\/td><td class=\"column-4\">Ramstel<\/td><td class=\"column-5\">Mun: Alessandro<\/td>\n<\/tr>\n<tr class=\"row-9\">\n\t<td class=\"column-1\">17.\u201318.04.2026<br \/>\n25.\u201326.04.2026<\/td><td class=\"column-2\"><strong>46. B\u00fcchelschiessen<\/strong><\/td><td class=\"column-3\"><\/td><td class=\"column-4\">Zunzgen<\/td><td class=\"column-5\"><\/td>\n<\/tr>\n<tr class=\"row-10\">\n\t<td class=\"column-1\">18.04.2026<br \/>\n24.\u201325.04.2026<\/td><td class=\"column-2\"><strong>66. Wartenbergschiessen<\/strong><\/td><td class=\"column-3\"><\/td><td class=\"column-4\">Muttenz<br \/>\nLachmatt<\/td><td class=\"column-5\"><\/td>\n<\/tr>\n<tr class=\"row-11\">\n\t<td class=\"column-1\">22.04.2026<\/td><td class=\"column-2\">Training<\/td><td class=\"column-3\">18:00\u201320:00<\/td><td class=\"column-4\">Ramstel<\/td><td class=\"column-5\"><\/td>\n<\/tr>\n<tr class=\"row-12\">\n\t<td class=\"column-1\">29.04.2026<\/td><td class=\"column-2\">GM \/ EWS \/ Training<\/td><td class=\"column-3\">18:00\u201320:00<\/td><td class=\"column-4\">Ramstel<\/td><td class=\"column-5\">BM, Mun: Ruedi<\/td>\n<\/tr>\n<tr class=\"row-13\">\n\t<td class=\"column-1\">06.05.2026<\/td><td class=\"column-2\">Training<\/td><td class=\"column-3\">18:00\u201320:00<\/td><td class=\"column-4\">Ramstel<\/td><td class=\"column-5\"><\/td>\n<\/tr>\n<tr class=\"row-14\">\n\t<td class=\"column-1\">13.05.2026<\/td><td class=\"column-2\">Training<\/td><td class=\"column-3\">18:00\u201320:00<\/td><td class=\"column-4\">Ramstel<\/td><td class=\"column-5\">Mun: Markus<\/td>\n<\/tr>\n<tr class=\"row-15\">\n\t<td class=\"column-1\">20.05.2026<\/td><td class=\"column-2\">Training<\/td><td class=\"column-3\">18:00\u201320:00<\/td><td class=\"column-4\">Ramstel<\/td><td class=\"column-5\"><\/td>\n<\/tr>\n<tr class=\"row-16\">\n\t<td class=\"column-1\">20.05.2026<\/td><td class=\"column-2\"><strong>Vorschiessen Feldschiessen<\/strong><\/td><td class=\"column-3\"><\/td><td class=\"column-4\">St. Pantaleon<\/td><td class=\"column-5\">BM<\/td>\n<\/tr>\n<tr class=\"row-17\">\n\t<td class=\"column-1\">27.05.2026<\/td><td class=\"column-2\">Training<\/td><td class=\"column-3\">18:00\u201320:00<\/td><td class=\"column-4\">Ramstel<\/td><td class=\"column-5\">Mun: Urs<\/td>\n<\/tr>\n<tr class=\"row-18\">\n\t<td class=\"column-1\">29.\u201331.05.2026<\/td><td class=\"column-2\"><strong>Feldschiessen<\/strong><\/td><td class=\"column-3\"><\/td><td class=\"column-4\">St. Pantaleon<\/td><td class=\"column-5\">BM<\/td>\n<\/tr>\n<tr class=\"row-19\">\n\t<td class=\"column-1\">02.06.2026<\/td><td class=\"column-2\">Training<\/td><td class=\"column-3\">18:00\u201320:00<\/td><td class=\"column-4\">Ramstel<\/td><td class=\"column-5\"><\/td>\n<\/tr>\n<tr class=\"row-20\">\n\t<td class=\"column-1\">05.06.2026<br \/>\n12.\u201313.06.2026<\/td><td class=\"column-2\"><strong>11. Banntagschiessen<\/strong><\/td><td class=\"column-3\"><\/td><td class=\"column-4\">Liestal<\/td><td class=\"column-5\"><\/td>\n<\/tr>\n<tr class=\"row-21\">\n\t<td class=\"column-1\">10.06.2026<\/td><td class=\"column-2\">Training<\/td><td class=\"column-3\">18:00\u201320:00<\/td><td class=\"column-4\">Ramstel<\/td><td class=\"column-5\">Mun: Markus<\/td>\n<\/tr>\n<tr class=\"row-22\">\n\t<td class=\"column-1\">15.\u201316.06.2026<\/td><td class=\"column-2\"><strong>Eidgen\u00f6ssisches Sch\u00fctzenfest<\/strong><\/td><td class=\"column-3\"><\/td><td class=\"column-4\">Chur<\/td><td class=\"column-5\"><\/td>\n<\/tr>\n<tr class=\"row-23\">\n\t<td class=\"column-1\">17.06.2026<\/td><td class=\"column-2\">Training<\/td><td class=\"column-3\">18:00\u201320:00<\/td><td class=\"column-4\">Ramstel<\/td><td class=\"column-5\"><\/td>\n<\/tr>\n<tr class=\"row-24\">\n\t<td class=\"column-1\">20.06.2026<\/td><td class=\"column-2\"><strong>2. Obligatorische \u00dcbung<\/strong><br \/>\nTraining<\/td><td class=\"column-3\">15:00\u201317:00<\/td><td class=\"column-4\">Ramstel<\/td><td class=\"column-5\">Mun: Alessandro<\/td>\n<\/tr>\n<tr class=\"row-25\">\n\t<td class=\"column-1\">21.06.2026<\/td><td class=\"column-2\"><strong>Historisches Murtenschiessen<\/strong><\/td><td class=\"column-3\"><\/td><td class=\"column-4\">Bodenm\u00fcnzi<\/td><td class=\"column-5\"><\/td>\n<\/tr>\n<tr class=\"row-26\">\n\t<td class=\"column-1\">24.06.2026<\/td><td class=\"column-2\">Training<\/td><td class=\"column-3\">18:00\u201320:00<\/td><td class=\"column-4\">Ramstel<\/td><td class=\"column-5\"><\/td>\n<\/tr>\n<tr class=\"row-27\">\n\t<td class=\"column-1\">10.\u201311.07.2026<br \/>\n17.\u201318.07.2026<\/td><td class=\"column-2\"><strong>M\u00f6nchsschiessen<\/strong><\/td><td class=\"column-3\"><\/td><td class=\"column-4\">M\u00fcnchenstein<\/td><td class=\"column-5\"><\/td>\n<\/tr>\n<tr class=\"row-28\">\n\t<td class=\"column-1\">05.08.2026<\/td><td class=\"column-2\">Training<\/td><td class=\"column-3\">18:00\u201320:00<\/td><td class=\"column-4\">Ramstel<\/td><td class=\"column-5\">Mun: Urs<\/td>\n<\/tr>\n<tr class=\"row-29\">\n\t<td class=\"column-1\">07.\u201308.08.2026<br \/>\n15.\u201316.08.2026<\/td><td class=\"column-2\"><strong>47. Edletenschiessen<\/strong><\/td><td class=\"column-3\"><\/td><td class=\"column-4\">Lausen<\/td><td class=\"column-5\"><\/td>\n<\/tr>\n<tr class=\"row-30\">\n\t<td class=\"column-1\">08.08.2026<br \/>\n14.\u201316.08.2026<\/td><td class=\"column-2\"><strong>60. Bischofsteinschiessen<\/strong><\/td><td class=\"column-3\"><\/td><td class=\"column-4\">Sissach<\/td><td class=\"column-5\"><\/td>\n<\/tr>\n<tr class=\"row-31\">\n\t<td class=\"column-1\">12.08.2026<\/td><td class=\"column-2\">Training<\/td><td class=\"column-3\">18:00\u201320:00<\/td><td class=\"column-4\">Ramstel<\/td><td class=\"column-5\"><\/td>\n<\/tr>\n<tr class=\"row-32\">\n\t<td class=\"column-1\">19.08.2026<\/td><td class=\"column-2\"><strong>3. Obligatorische \u00dcbung<\/strong><br \/>\nTraining<\/td><td class=\"column-3\">18:00\u201320:00<\/td><td class=\"column-4\">Ramstel<\/td><td class=\"column-5\">Sch\u00fctzenklub<br \/>\nMun: Markus<\/td>\n<\/tr>\n<tr class=\"row-33\">\n\t<td class=\"column-1\">22.08.2026<\/td><td class=\"column-2\"><strong>68. Ebnetschiessen<\/strong><\/td><td class=\"column-3\"><\/td><td class=\"column-4\">Buochs<\/td><td class=\"column-5\"><\/td>\n<\/tr>\n<tr class=\"row-34\">\n\t<td class=\"column-1\">26.08.2026<\/td><td class=\"column-2\">Training<\/td><td class=\"column-3\">18:00\u201320:00<\/td><td class=\"column-4\">Ramstel<\/td><td class=\"column-5\"><\/td>\n<\/tr>\n<tr class=\"row-35\">\n\t<td class=\"column-1\">28.\u201329.08.2026<br \/>\n05.\u201306.09.2026<\/td><td class=\"column-2\"><strong>Schwarzbubenschiessen<\/strong><\/td><td class=\"column-3\"><\/td><td class=\"column-4\">B\u00fcsserach<\/td><td class=\"column-5\"><\/td>\n<\/tr>\n<tr class=\"row-36\">\n\t<td class=\"column-1\">28.\u201329.08.2026<br \/>\n05.\u201306.09.2026<\/td><td class=\"column-2\"><strong>Ruine Gilgenbergschiessen<\/strong><\/td><td class=\"column-3\"><\/td><td class=\"column-4\">Zullwil<\/td><td class=\"column-5\">BM<\/td>\n<\/tr>\n<tr class=\"row-37\">\n\t<td class=\"column-1\">02.09.2026<\/td><td class=\"column-2\">Training<\/td><td class=\"column-3\">18:00\u201320:00<\/td><td class=\"column-4\">Ramstel<\/td><td class=\"column-5\">Mun: Ruedi<\/td>\n<\/tr>\n<tr class=\"row-38\">\n\t<td class=\"column-1\">09.09.2026<\/td><td class=\"column-2\">Training<\/td><td class=\"column-3\">18:00\u201320:00<\/td><td class=\"column-4\">Ramstel<\/td><td class=\"column-5\"><\/td>\n<\/tr>\n<tr class=\"row-39\">\n\t<td class=\"column-1\">11.\u201312.09.2026<br \/>\n18.\u201319.09.2026<\/td><td class=\"column-2\"><strong>Riefenstein-Schiessen<\/strong><\/td><td class=\"column-3\"><\/td><td class=\"column-4\">Reigoldswil<\/td><td class=\"column-5\"><\/td>\n<\/tr>\n<tr class=\"row-40\">\n\t<td class=\"column-1\">11.\u201312.09.2026<br \/>\n18.\u201319.09.2026<\/td><td class=\"column-2\"><strong>Wasserfallenschiessen<\/strong><\/td><td class=\"column-3\"><\/td><td class=\"column-4\">Reigoldswil<\/td><td class=\"column-5\"><\/td>\n<\/tr>\n<tr class=\"row-41\">\n\t<td class=\"column-1\">16.09.2026<\/td><td class=\"column-2\">Training<\/td><td class=\"column-3\">18:00\u201320:00<\/td><td class=\"column-4\">Ramstel<\/td><td class=\"column-5\">Mun: Markus<\/td>\n<\/tr>\n<tr class=\"row-42\">\n\t<td class=\"column-1\">23.09.2026<\/td><td class=\"column-2\">Training<\/td><td class=\"column-3\">18:00\u201320:00<\/td><td class=\"column-4\">Ramstel<\/td><td class=\"column-5\"><\/td>\n<\/tr>\n<tr class=\"row-43\">\n\t<td class=\"column-1\">10.10.2026<\/td><td class=\"column-2\"><strong>Endschiessen<\/strong><\/td><td class=\"column-3\">13:30\u201317:00<\/td><td class=\"column-4\">Ramstel<\/td><td class=\"column-5\"><\/td>\n<\/tr>\n<tr class=\"row-44\">\n\t<td class=\"column-1\">28.\u201329.11.2026<\/td><td class=\"column-2\"><strong>B\u00e4nzenschiessen<\/strong><\/td><td class=\"column-3\"><\/td><td class=\"column-4\">Ramstel<\/td><td class=\"column-5\"><\/td>\n<\/tr>\n<\/tbody>\n<\/table>\n<!-- #tablepress-1 from cache --><\/div>\n<\/div>\n\n\n\n<p>BM: Anl\u00e4sse z\u00e4hlen zur Bezirksmeisterschaft<br>Mun: an diesen Tagen wird Munition verkauft<\/p>\n\n\n\n<p>Alle Termine als <a href=\"https:\/\/schuetzenklub-dornach.ch\/wp-content\/uploads\/2026\/04\/SKD_2026.ics\" data-type=\"link\" data-id=\"https:\/\/schuetzenklub-dornach.ch\/wp-content\/uploads\/2026\/04\/SKD_2026.ics\">iCalender<\/a> Datei runterladen. K\u00f6nnen direkt in die Agenda eingef\u00fcgt werden.<\/p>\n\n\n\n<p><\/p>\n","protected":false},"excerpt":{"rendered":"<p>BM: Anl\u00e4sse z\u00e4hlen zur BezirksmeisterschaftMun: an diesen Tagen wird Munition verkauft Alle Termine als iCalender Datei runterladen. K\u00f6nnen direkt in [&hellip;]<\/p>\n","protected":false},"author":1,"featured_media":0,"parent":0,"menu_order":0,"comment_status":"closed","ping_status":"closed","template":"","meta":{"site-sidebar-layout":"default","site-content-layout":"","ast-site-content-layout":"default","site-content-style":"default","site-sidebar-style":"default","ast-global-header-display":"","ast-banner-title-visibility":"","ast-main-header-display":"","ast-hfb-above-header-display":"","ast-hfb-below-header-display":"","ast-hfb-mobile-header-display":"","site-post-title":"","ast-breadcrumbs-content":"","ast-featured-img":"","footer-sml-layout":"","ast-disable-related-posts":"","theme-transparent-header-meta":"","adv-header-id-meta":"","stick-header-meta":"","header-above-stick-meta":"","header-main-stick-meta":"","header-below-stick-meta":"","astra-migrate-meta-layouts":"default","ast-page-background-enabled":"default","ast-page-background-meta":{"desktop":{"background-color":"var(--ast-global-color-5)","background-image":"","background-repeat":"repeat","background-position":"center center","background-size":"auto","background-attachment":"scroll","background-type":"","background-media":"","overlay-type":"","overlay-color":"","overlay-opacity":"","overlay-gradient":""},"tablet":{"background-color":"","background-image":"","background-repeat":"repeat","background-position":"center center","background-size":"auto","background-attachment":"scroll","background-type":"","background-media":"","overlay-type":"","overlay-color":"","overlay-opacity":"","overlay-gradient":""},"mobile":{"background-color":"","background-image":"","background-repeat":"repeat","background-position":"center center","background-size":"auto","background-attachment":"scroll","background-type":"","background-media":"","overlay-type":"","overlay-color":"","overlay-opacity":"","overlay-gradient":""}},"ast-content-background-meta":{"desktop":{"background-color":"var(--ast-global-color-4)","background-image":"","background-repeat":"repeat","background-position":"center center","background-size":"auto","background-attachment":"scroll","background-type":"","background-media":"","overlay-type":"","overlay-color":"","overlay-opacity":"","overlay-gradient":""},"tablet":{"background-color":"var(--ast-global-color-4)","background-image":"","background-repeat":"repeat","background-position":"center center","background-size":"auto","background-attachment":"scroll","background-type":"","background-media":"","overlay-type":"","overlay-color":"","overlay-opacity":"","overlay-gradient":""},"mobile":{"background-color":"var(--ast-global-color-4)","background-image":"","background-repeat":"repeat","background-position":"center center","background-size":"auto","background-attachment":"scroll","background-type":"","background-media":"","overlay-type":"","overlay-color":"","overlay-opacity":"","overlay-gradient":""}},"footnotes":""},"class_list":["post-127","page","type-page","status-publish","hentry"],"jetpack_sharing_enabled":true,"_links":{"self":[{"href":"https:\/\/schuetzenklub-dornach.ch\/index.php\/wp-json\/wp\/v2\/pages\/127","targetHints":{"allow":["GET"]}}],"collection":[{"href":"https:\/\/schuetzenklub-dornach.ch\/index.php\/wp-json\/wp\/v2\/pages"}],"about":[{"href":"https:\/\/schuetzenklub-dornach.ch\/index.php\/wp-json\/wp\/v2\/types\/page"}],"author":[{"embeddable":true,"href":"https:\/\/schuetzenklub-dornach.ch\/index.php\/wp-json\/wp\/v2\/users\/1"}],"replies":[{"embeddable":true,"href":"https:\/\/schuetzenklub-dornach.ch\/index.php\/wp-json\/wp\/v2\/comments?post=127"}],"version-history":[{"count":7,"href":"https:\/\/schuetzenklub-dornach.ch\/index.php\/wp-json\/wp\/v2\/pages\/127\/revisions"}],"predecessor-version":[{"id":256,"href":"https:\/\/schuetzenklub-dornach.ch\/index.php\/wp-json\/wp\/v2\/pages\/127\/revisions\/256"}],"wp:attachment":[{"href":"https:\/\/schuetzenklub-dornach.ch\/index.php\/wp-json\/wp\/v2\/media?parent=127"}],"curies":[{"name":"wp","href":"https:\/\/api.w.org\/{rel}","templated":true}]}}